{"id":2390,"date":"2021-06-23T13:23:53","date_gmt":"2021-06-23T11:23:53","guid":{"rendered":"https:\/\/www.asws-solar.de\/?page_id=2390"},"modified":"2022-04-04T16:16:50","modified_gmt":"2022-04-04T14:16:50","slug":"imprint","status":"publish","type":"page","link":"https:\/\/www.asws-solar.de\/en\/imprint\/","title":{"rendered":"Imprint"},"content":{"rendered":"<p>[et_pb_section fb_built=&#8221;1&#8243; _builder_version=&#8221;4.16&#8243; _module_preset=&#8221;default&#8221; background_color=&#8221;#FFFFFF&#8221; custom_padding=&#8221;70px||0px||false|false&#8221; global_colors_info=&#8221;{}&#8221;][et_pb_row column_structure=&#8221;3_4,1_4&#8243; _builder_version=&#8221;4.16&#8243; _module_preset=&#8221;default&#8221; custom_padding=&#8221;0px||70px||false|false&#8221; global_colors_info=&#8221;{}&#8221;][et_pb_column type=&#8221;3_4&#8243; _builder_version=&#8221;4.16&#8243; _module_preset=&#8221;default&#8221; global_colors_info=&#8221;{}&#8221;][et_pb_text _builder_version=&#8221;4.16.0&#8243; _module_preset=&#8221;default&#8221; text_text_color=&#8221;#687375&#8243; header_2_font=&#8221;|600|||||||&#8221; header_2_text_color=&#8221;#505955&#8243; header_2_font_size=&#8221;35px&#8221; header_2_line_height=&#8221;1.5em&#8221; header_3_text_color=&#8221;#f6882b&#8221; header_3_font_size=&#8221;25px&#8221; header_4_font=&#8221;||||||||&#8221; header_4_text_color=&#8221;#f6882b&#8221; header_4_font_size=&#8221;20px&#8221; hover_enabled=&#8221;0&#8243; header_2_font_size_tablet=&#8221;30px&#8221; header_2_font_size_phone=&#8221;25px&#8221; header_2_font_size_last_edited=&#8221;on|phone&#8221; header_3_font_size_tablet=&#8221;20px&#8221; header_3_font_size_phone=&#8221;&#8221; header_3_font_size_last_edited=&#8221;on|phone&#8221; text_orientation_tablet=&#8221;&#8221; text_orientation_phone=&#8221;left&#8221; text_orientation_last_edited=&#8221;on|phone&#8221; global_colors_info=&#8221;{}&#8221; sticky_enabled=&#8221;0&#8243;]<\/p>\n<h2>Imprint<\/h2>\n<p>ASWS GmbH<br \/>Industriestr. 9<br \/>40822 Mettmann<br \/>Germany<\/p>\n<p>Phone: +49 2104 \/ 17 5 77 60<br \/>Fax: +49 2104 \/ 17 57 7-50<br \/>E-mail: <a href=\"mailto:info@asws-solar.de\" target=\"_blank\" rel=\"noopener\">info@asws-solar.de<\/a><\/p>\n<p>Register court: Wuppertal, Germany<br \/>Trade register number: HRB 31225<\/p>\n<p>CEO: Dipl.-Ing. Erwin Zernickel<\/p>\n<p>VAT number: DE340246963<\/p>\n<p>EU Commission platform for online dispute resolution: <a href=\"https:\/\/ec.europa.eu\/odr\" target=\"_blank\" rel=\"noopener\">https:\/\/ec.europa.eu\/odr<\/a><\/p>\n<p>We are neither obliged nor willing to participate in dispute settlement proceedings before a consumer arbitration board.<\/p>\n<p>Responsible for the content according to \u00a7 55 Abs. 2 RStV:<br \/>Irina Zernickel, Industriestra\u00dfe 9, 40822 Mettmann, Germany<\/p>\n<p>&nbsp;<\/p>\n<p><span style=\"color: #ff8601;\"><strong>Picture sources<\/strong><\/span><\/p>\n<p>The layout of the website, the graphics used and other content are protected by copyright. Reproduction or use of the texts and graphics in other electronic or printed publications is not permitted without express permission.<\/p>\n<p>In the following is a list of the images used from <a href=\"https:\/\/pixabay.com\" target=\"_blank\" rel=\"noopener\">pixabay.com<\/a>, <a href=\"https:\/\/unsplash.com\/\" target=\"_blank\" rel=\"noopener\">unsplash.com<\/a> and <a href=\"https:\/\/stock.adobe.com\/\" target=\"_blank\" rel=\"noopener\">Adobe Stock<\/a>.<\/p>\n<p>\u00a9 Vadim \/ <a href=\"https:\/\/stock.adobe.com\/images\/manufacturing-of-solar-panel-system-in-factory-industry-concept\/288378372\" target=\"_blank\" rel=\"noopener\">#288378372<\/a> &#8220;Service&#8221;<\/p>\n<p>\u00a9 Vadim \/ <a href=\"https:\/\/stock.adobe.com\/images\/production-of-solar-panels-green-energy-concept-modern-production-factory-or-plant-special-equipment\/298898857\" target=\"_blank\" rel=\"noopener\">#298898857<\/a> &#8220;Company&#8221;<\/p>\n<p>[\/et_pb_text][\/et_pb_column][et_pb_column type=&#8221;1_4&#8243; _builder_version=&#8221;4.16&#8243; _module_preset=&#8221;default&#8221; global_colors_info=&#8221;{}&#8221;][\/et_pb_column][\/et_pb_row][\/et_pb_section]<\/p>\n","protected":false},"excerpt":{"rendered":"<p>Imprint ASWS GmbHIndustriestr. 940822 MettmannGermany Phone: +49 2104 \/ 17 5 77 60Fax: +49 2104 \/ 17 57 7-50E-mail: info@asws-solar.de Register court: Wuppertal, GermanyTrade register number: HRB 31225 CEO: Dipl.-Ing. Erwin Zernickel VAT number: DE340246963 EU Commission platform for online dispute resolution: https:\/\/ec.europa.eu\/odr We are neither obliged nor willing to participate in dispute settlement proceedings [&hellip;]<\/p>\n","protected":false},"author":6,"featured_media":0,"parent":0,"menu_order":0,"comment_status":"closed","ping_status":"closed","template":"","meta":{"_et_pb_use_builder":"on","_et_pb_old_content":"[et_pb_section fb_built=\"1\" _builder_version=\"4.9.2\" _module_preset=\"default\" background_color=\"#FFFFFF\" custom_padding=\"70px||0px||false|false\"][et_pb_row column_structure=\"3_4,1_4\" _builder_version=\"4.9.4\" _module_preset=\"default\" custom_padding=\"0px||70px||false|false\"][et_pb_column type=\"3_4\" _builder_version=\"4.9.2\" _module_preset=\"default\"][et_pb_text _builder_version=\"4.9.4\" _module_preset=\"default\" text_text_color=\"#687375\" header_2_font=\"|600|||||||\" header_2_text_color=\"#505955\" header_2_font_size=\"35px\" header_2_line_height=\"1.5em\" header_3_text_color=\"#f6882b\" header_3_font_size=\"25px\" header_4_font=\"||||||||\" header_4_text_color=\"#f6882b\" header_4_font_size=\"20px\" header_2_font_size_tablet=\"30px\" header_2_font_size_phone=\"25px\" header_2_font_size_last_edited=\"on|phone\" header_3_font_size_tablet=\"20px\" header_3_font_size_phone=\"\" header_3_font_size_last_edited=\"on|phone\" text_orientation_tablet=\"\" text_orientation_phone=\"left\" text_orientation_last_edited=\"on|phone\"]<h2>Impressum<\/h2>\r\nASWS GmbH\r\nIndustriestr. 9\r\n40822 Mettmann\r\nDeutschland\r\n\r\nTel.: +49 2104 \/ 17 577760\r\nFax: +49 2104 \/ 17 57 7-50\r\nE-Mail: <a href=\"mailto:info@asws-solar.de\" target=\"_blank\" rel=\"noopener\">info@asws-solar.de<\/a>\r\n\r\nRegistergericht: Wuppertal\r\nRegisternummer: HRB 31225\r\n\r\nGesch\u00e4ftsf\u00fchrer: Dipl.-Ing. Erwin Zernickel\r\n\r\nUmsatzsteuer-Identifikationsnummer gem\u00e4\u00df \u00a7 27 a Umsatzsteuergesetz: DE340246963\r\n\r\nPlattform der EU-Kommission zur Online-Streitbeilegung: <a href=\"https:\/\/ec.europa.eu\/odr\" target=\"_blank\" rel=\"noopener\">https:\/\/ec.europa.eu\/odr<\/a>\r\n\r\nWir sind zur Teilnahme an einem Streitbeilegungsverfahren vor einer Verbraucherschlichtungsstelle weder verpflichtet noch bereit.\r\n\r\nVerantwortliche\/r i.S.d. \u00a7 18 Abs. 2 MStV:\r\nIrina Zernickel, Industriestra\u00dfe 9, 40822 Mettmann\r\n\r\n<\/br>\r\n\r\n<span style=\"color: #FF8601;\"><strong>Bildquellennachweise<\/strong><\/span>\r\n\r\nDas Layout der Website, die verwendeten Grafiken sowie die sonstigen Inhalte sind urheberrechtlich gesch\u00fctzt. Eine Vervielf\u00e4ltigung oder Verwendung der Texte und Grafiken in anderen elektronischen oder gedruckten Publikationen ist ohne ausdr\u00fcckliche Zustimmung nicht gestattet.\r\n\r\nNachfolgend eine Auflistung der verwendeten Bilder von <a href=\"https:\/\/pixabay.com\/de\/\" target=\"_blank\" rel=\"noopener\">pixabay.com<\/a>, <a href=\"https:\/\/unsplash.com\/\" target=\"_blank\" rel=\"noopener\">unsplash.com<\/a> und <a href=\"https:\/\/stock.adobe.com\/\" target=\"_blank\" rel=\"noopener\">Adobe Stock<\/a>.\r\n\r\n\u00a9 Vadim \/ <a href=\"https:\/\/stock.adobe.com\/images\/manufacturing-of-solar-panel-system-in-factory-industry-concept\/288378372\" target=\"_blank\" rel=\"noopener\">#288378372<\/a> \"Service\"\r\n\r\n\u00a9 Vadim \/ <a href=\"https:\/\/stock.adobe.com\/images\/production-of-solar-panels-green-energy-concept-modern-production-factory-or-plant-special-equipment\/298898857\" target=\"_blank\" rel=\"noopener\">#298898857<\/a> \"Unternehmen\"[\/et_pb_text][\/et_pb_column][et_pb_column type=\"1_4\" _builder_version=\"4.9.2\" _module_preset=\"default\"][\/et_pb_column][\/et_pb_row][\/et_pb_section]","_et_gb_content_width":"","inline_featured_image":false,"footnotes":""},"class_list":["post-2390","page","type-page","status-publish","hentry"],"yoast_head":"<!-- This site is optimized with the Yoast SEO plugin v27.1.1 - https:\/\/yoast.com\/product\/yoast-seo-wordpress\/ -->\n<title>Our imprint | ASWS GmbH<\/title>\n<meta name=\"description\" content=\"Imprint of ASWS GmbH. Find out now about our management, contact options and picture credits!\" \/>\n<meta name=\"robots\" content=\"index, follow, max-snippet:-1, max-image-preview:large, max-video-preview:-1\" \/>\n<link rel=\"canonical\" href=\"https:\/\/www.asws-solar.de\/en\/imprint\/\" \/>\n<meta property=\"og:locale\" content=\"en_US\" \/>\n<meta property=\"og:type\" content=\"article\" \/>\n<meta property=\"og:title\" content=\"Our imprint | ASWS GmbH\" \/>\n<meta property=\"og:description\" content=\"Imprint of ASWS GmbH. Find out now about our management, contact options and picture credits!\" \/>\n<meta property=\"og:url\" content=\"https:\/\/www.asws-solar.de\/en\/imprint\/\" \/>\n<meta property=\"og:site_name\" content=\"| ASWS GmbH\" \/>\n<meta property=\"article:modified_time\" content=\"2022-04-04T14:16:50+00:00\" \/>\n<meta name=\"twitter:card\" content=\"summary_large_image\" \/>\n<meta name=\"twitter:title\" content=\"Our imprint | ASWS GmbH\" \/>\n<meta name=\"twitter:description\" content=\"Imprint of ASWS GmbH. Find out now about our management, contact options and picture credits!\" \/>\n<meta name=\"twitter:label1\" content=\"Est. reading time\" \/>\n\t<meta name=\"twitter:data1\" content=\"2 minutes\" \/>\n<script type=\"application\/ld+json\" class=\"yoast-schema-graph\">{\"@context\":\"https:\/\/schema.org\",\"@graph\":[{\"@type\":\"WebPage\",\"@id\":\"https:\/\/www.asws-solar.de\/en\/imprint\/\",\"url\":\"https:\/\/www.asws-solar.de\/en\/imprint\/\",\"name\":\"Our imprint | ASWS GmbH\",\"isPartOf\":{\"@id\":\"https:\/\/www.asws-solar.de\/en\/#website\"},\"datePublished\":\"2021-06-23T11:23:53+00:00\",\"dateModified\":\"2022-04-04T14:16:50+00:00\",\"description\":\"Imprint of ASWS GmbH. Find out now about our management, contact options and picture credits!\",\"breadcrumb\":{\"@id\":\"https:\/\/www.asws-solar.de\/en\/imprint\/#breadcrumb\"},\"inLanguage\":\"en-US\",\"potentialAction\":[{\"@type\":\"ReadAction\",\"target\":[\"https:\/\/www.asws-solar.de\/en\/imprint\/\"]}]},{\"@type\":\"BreadcrumbList\",\"@id\":\"https:\/\/www.asws-solar.de\/en\/imprint\/#breadcrumb\",\"itemListElement\":[{\"@type\":\"ListItem\",\"position\":1,\"name\":\"Startseite\",\"item\":\"https:\/\/www.asws-solar.de\/en\/\"},{\"@type\":\"ListItem\",\"position\":2,\"name\":\"Imprint\"}]},{\"@type\":\"WebSite\",\"@id\":\"https:\/\/www.asws-solar.de\/en\/#website\",\"url\":\"https:\/\/www.asws-solar.de\/en\/\",\"name\":\"| ASWS GmbH\",\"description\":\"\",\"potentialAction\":[{\"@type\":\"SearchAction\",\"target\":{\"@type\":\"EntryPoint\",\"urlTemplate\":\"https:\/\/www.asws-solar.de\/en\/?s={search_term_string}\"},\"query-input\":{\"@type\":\"PropertyValueSpecification\",\"valueRequired\":true,\"valueName\":\"search_term_string\"}}],\"inLanguage\":\"en-US\"}]}<\/script>\n<!-- \/ Yoast SEO plugin. -->","yoast_head_json":{"title":"Our imprint | ASWS GmbH","description":"Imprint of ASWS GmbH. Find out now about our management, contact options and picture credits!","robots":{"index":"index","follow":"follow","max-snippet":"max-snippet:-1","max-image-preview":"max-image-preview:large","max-video-preview":"max-video-preview:-1"},"canonical":"https:\/\/www.asws-solar.de\/en\/imprint\/","og_locale":"en_US","og_type":"article","og_title":"Our imprint | ASWS GmbH","og_description":"Imprint of ASWS GmbH. Find out now about our management, contact options and picture credits!","og_url":"https:\/\/www.asws-solar.de\/en\/imprint\/","og_site_name":"| ASWS GmbH","article_modified_time":"2022-04-04T14:16:50+00:00","twitter_card":"summary_large_image","twitter_title":"Our imprint | ASWS GmbH","twitter_description":"Imprint of ASWS GmbH. Find out now about our management, contact options and picture credits!","twitter_misc":{"Est. reading time":"2 minutes"},"schema":{"@context":"https:\/\/schema.org","@graph":[{"@type":"WebPage","@id":"https:\/\/www.asws-solar.de\/en\/imprint\/","url":"https:\/\/www.asws-solar.de\/en\/imprint\/","name":"Our imprint | ASWS GmbH","isPartOf":{"@id":"https:\/\/www.asws-solar.de\/en\/#website"},"datePublished":"2021-06-23T11:23:53+00:00","dateModified":"2022-04-04T14:16:50+00:00","description":"Imprint of ASWS GmbH. Find out now about our management, contact options and picture credits!","breadcrumb":{"@id":"https:\/\/www.asws-solar.de\/en\/imprint\/#breadcrumb"},"inLanguage":"en-US","potentialAction":[{"@type":"ReadAction","target":["https:\/\/www.asws-solar.de\/en\/imprint\/"]}]},{"@type":"BreadcrumbList","@id":"https:\/\/www.asws-solar.de\/en\/imprint\/#breadcrumb","itemListElement":[{"@type":"ListItem","position":1,"name":"Startseite","item":"https:\/\/www.asws-solar.de\/en\/"},{"@type":"ListItem","position":2,"name":"Imprint"}]},{"@type":"WebSite","@id":"https:\/\/www.asws-solar.de\/en\/#website","url":"https:\/\/www.asws-solar.de\/en\/","name":"| ASWS GmbH","description":"","potentialAction":[{"@type":"SearchAction","target":{"@type":"EntryPoint","urlTemplate":"https:\/\/www.asws-solar.de\/en\/?s={search_term_string}"},"query-input":{"@type":"PropertyValueSpecification","valueRequired":true,"valueName":"search_term_string"}}],"inLanguage":"en-US"}]}},"_links":{"self":[{"href":"https:\/\/www.asws-solar.de\/en\/wp-json\/wp\/v2\/pages\/2390","targetHints":{"allow":["GET"]}}],"collection":[{"href":"https:\/\/www.asws-solar.de\/en\/wp-json\/wp\/v2\/pages"}],"about":[{"href":"https:\/\/www.asws-solar.de\/en\/wp-json\/wp\/v2\/types\/page"}],"author":[{"embeddable":true,"href":"https:\/\/www.asws-solar.de\/en\/wp-json\/wp\/v2\/users\/6"}],"replies":[{"embeddable":true,"href":"https:\/\/www.asws-solar.de\/en\/wp-json\/wp\/v2\/comments?post=2390"}],"version-history":[{"count":5,"href":"https:\/\/www.asws-solar.de\/en\/wp-json\/wp\/v2\/pages\/2390\/revisions"}],"predecessor-version":[{"id":3730,"href":"https:\/\/www.asws-solar.de\/en\/wp-json\/wp\/v2\/pages\/2390\/revisions\/3730"}],"wp:attachment":[{"href":"https:\/\/www.asws-solar.de\/en\/wp-json\/wp\/v2\/media?parent=2390"}],"curies":[{"name":"wp","href":"https:\/\/api.w.org\/{rel}","templated":true}]}}